{"id":2153,"date":"2023-01-26T11:15:18","date_gmt":"2023-01-26T11:15:18","guid":{"rendered":"https:\/\/geotec.rs\/?page_id=2153"},"modified":"2026-01-22T20:35:40","modified_gmt":"2026-01-22T20:35:40","slug":"naslovna","status":"publish","type":"page","link":"https:\/\/geotec.rs\/en\/","title":{"rendered":"Home"},"content":{"rendered":"<p>\n\t\t\t<!-- START Slider 1 EN REVOLUTION SLIDER 6.7.23 --><p class=\"rs-p-wp-fix\"><\/p>\n\t\t\t<rs-module-wrap id=\"rev_slider_6_1_wrapper\" data-source=\"gallery\" style=\"visibility:hidden;background:#07091e;padding:0;margin:0px auto;margin-top:0;margin-bottom:0;\">\n\t\t\t\t<rs-module id=\"rev_slider_6_1\" style=\"\" data-version=\"6.7.23\">\n\t\t\t\t\t<rs-slides style=\"overflow: hidden; position: absolute;\">\n\t\t\t\t\t\t<rs-slide style=\"position: absolute;\" data-key=\"rs-10\" data-title=\"Slide\" data-anim=\"ms:1000ms;\" data-in=\"o:0;\" data-out=\"a:false;\">\n\t\t\t\t\t\t\t<img fetchpriority=\"high\" decoding=\"async\" src=\"\/\/geotec.rs\/wp-content\/plugins\/revslider\/sr6\/assets\/assets\/dummy.png\" alt=\"\" title=\"metal-rounded-lines-1\" width=\"500\" height=\"817\" class=\"rev-slidebg tp-rs-img rs-lazyload\" data-lazyload=\"\/\/geotec.rs\/wp-content\/uploads\/2023\/01\/metal-rounded-lines-1.png\" data-bg=\"p:right center;f:contain;\" data-parallax=\"off\" data-no-retina>\n<!--\t\t\t\t\t\t--><rs-zone id=\"rrzm_10\" class=\"rev_row_zone_middle\" style=\"z-index: 7;\"><!--\n\n\t\t\t\t\t\t\t\t--><rs-row\n\t\t\t\t\t\t\t\t\tid=\"slider-6-slide-10-layer-15\" \n\t\t\t\t\t\t\t\t\tdata-type=\"row\"\n\t\t\t\t\t\t\t\t\tdata-xy=\"xo:50px;yo:50px;\"\n\t\t\t\t\t\t\t\t\tdata-cbreak=\"nobreak\"\n\t\t\t\t\t\t\t\t\tdata-basealign=\"slide\"\n\t\t\t\t\t\t\t\t\tdata-wrpcls=\"slider-row-wrap\"\n\t\t\t\t\t\t\t\t\tdata-rsp_bd=\"off\"\n\t\t\t\t\t\t\t\t\tdata-margin=\"r:30,0,0,0;l:70,70,30,20;\"\n\t\t\t\t\t\t\t\t\tdata-frame_0=\"o:1;\"\n\t\t\t\t\t\t\t\t\tdata-frame_999=\"o:0;st:w;sR:8700;sA:9000;\"\n\t\t\t\t\t\t\t\t\tstyle=\"z-index:6;\"\n\t\t\t\t\t\t\t\t><!--\n\t\t\t\t\t\t\t\t\t--><rs-column\n\t\t\t\t\t\t\t\t\t\tid=\"slider-6-slide-10-layer-16\" \n\t\t\t\t\t\t\t\t\t\tdata-type=\"column\"\n\t\t\t\t\t\t\t\t\t\tdata-xy=\"xo:50px;yo:50px;\"\n\t\t\t\t\t\t\t\t\t\tdata-text=\"l:22,25,25,25;\"\n\t\t\t\t\t\t\t\t\t\tdata-rsp_bd=\"off\"\n\t\t\t\t\t\t\t\t\t\tdata-column=\"w:100%;a:bottom;\"\n\t\t\t\t\t\t\t\t\t\tdata-frame_0=\"o:1;\"\n\t\t\t\t\t\t\t\t\t\tdata-frame_999=\"o:0;st:w;sR:8700;sA:9000;\"\n\t\t\t\t\t\t\t\t\t\tstyle=\"z-index:6;width:100%;\"\n\t\t\t\t\t\t\t\t\t><!--\n\t\t\t\t\t\t\t\t\t\t--><rs-layer\n\t\t\t\t\t\t\t\t\t\t\tid=\"slider-6-slide-10-layer-3\" \n\t\t\t\t\t\t\t\t\t\t\tdata-type=\"shape\"\n\t\t\t\t\t\t\t\t\t\t\tdata-rsp_ch=\"on\"\n\t\t\t\t\t\t\t\t\t\t\tdata-xy=\"\"\n\t\t\t\t\t\t\t\t\t\t\tdata-pos=\"r\"\n\t\t\t\t\t\t\t\t\t\t\tdata-text=\"w:normal;s:20,15,8,4;c:both;l:0,18,9,6;\"\n\t\t\t\t\t\t\t\t\t\t\tdata-flcr=\"c:both;\"\n\t\t\t\t\t\t\t\t\t\t\tdata-dim=\"w:100%;h:42px,30px,30px,24px;\"\n\t\t\t\t\t\t\t\t\t\t\tdata-basealign=\"group\"\n\t\t\t\t\t\t\t\t\t\t\tdata-frame_999=\"o:0;st:w;sR:8700;\"\n\t\t\t\t\t\t\t\t\t\t\tstyle=\"z-index:9;\"\n\t\t\t\t\t\t\t\t\t\t> \n\t\t\t\t\t\t\t\t\t\t<\/rs-layer><!--\n\n\t\t\t\t\t\t\t\t\t\t--><rs-layer\n\t\t\t\t\t\t\t\t\t\t\tid=\"slider-6-slide-10-layer-40\" \n\t\t\t\t\t\t\t\t\t\t\tdata-type=\"text\"\n\t\t\t\t\t\t\t\t\t\t\tdata-tsh=\"v:1px;\"\n\t\t\t\t\t\t\t\t\t\t\tdata-xy=\"\"\n\t\t\t\t\t\t\t\t\t\t\tdata-pos=\"r\"\n\t\t\t\t\t\t\t\t\t\t\tdata-text=\"w:normal;s:80,68,56,52;l:80,68,56,52;ls:-3px,-2px,-2px,-2px;fw:500;\"\n\t\t\t\t\t\t\t\t\t\t\tdata-basealign=\"group\"\n\t\t\t\t\t\t\t\t\t\t\tdata-rsp_o=\"off\"\n\t\t\t\t\t\t\t\t\t\t\tdata-disp=\"inline-block\"\n\t\t\t\t\t\t\t\t\t\t\tdata-frame_0=\"x:40px,27px,22px,21px;y:0,0px,0px,0px;\"\n\t\t\t\t\t\t\t\t\t\t\tdata-frame_1=\"x:0,0px,0px,0px;y:0,0px,0px,0px;st:510;sp:1000;sR:510;\"\n\t\t\t\t\t\t\t\t\t\t\tdata-frame_999=\"o:0;st:w;sR:7490;\"\n\t\t\t\t\t\t\t\t\t\t\tstyle=\"z-index:8;font-family:'Outfit';display:inline-block;\"\n\t\t\t\t\t\t\t\t\t\t>Expertise <br \/>\nin geotechnical testing <br \/>\nand design \n\t\t\t\t\t\t\t\t\t\t<\/rs-layer><!--\n\n\t\t\t\t\t\t\t\t\t\t--><rs-layer\n\t\t\t\t\t\t\t\t\t\t\tid=\"slider-6-slide-10-layer-19\" \n\t\t\t\t\t\t\t\t\t\t\tdata-type=\"shape\"\n\t\t\t\t\t\t\t\t\t\t\tdata-rsp_ch=\"on\"\n\t\t\t\t\t\t\t\t\t\t\tdata-xy=\"xo:50px,37px,19px,11px;yo:160px,120px,64px,39px;\"\n\t\t\t\t\t\t\t\t\t\t\tdata-pos=\"r\"\n\t\t\t\t\t\t\t\t\t\t\tdata-text=\"w:normal;s:20,15,8,4;c:both;l:0,18,9,6;\"\n\t\t\t\t\t\t\t\t\t\t\tdata-flcr=\"c:both;\"\n\t\t\t\t\t\t\t\t\t\t\tdata-dim=\"w:100%;h:42px,30px,30px,24px;\"\n\t\t\t\t\t\t\t\t\t\t\tdata-basealign=\"group\"\n\t\t\t\t\t\t\t\t\t\t\tdata-frame_999=\"o:0;st:w;sR:8700;\"\n\t\t\t\t\t\t\t\t\t\t\tstyle=\"z-index:7;\"\n\t\t\t\t\t\t\t\t\t\t> \n\t\t\t\t\t\t\t\t\t\t<\/rs-layer><!--\n\n\t\t\t\t\t\t\t\t\t\t--><rs-layer\n\t\t\t\t\t\t\t\t\t\t\tid=\"slider-6-slide-10-layer-33\" \n\t\t\t\t\t\t\t\t\t\t\tdata-type=\"button\"\n\t\t\t\t\t\t\t\t\t\t\tdata-color=\"#ffcc00\"\n\t\t\t\t\t\t\t\t\t\t\tdata-xy=\"\"\n\t\t\t\t\t\t\t\t\t\t\tdata-pos=\"r\"\n\t\t\t\t\t\t\t\t\t\t\tdata-text=\"w:normal;s:16,16,15,15;l:56,52,47,46;fw:500;\"\n\t\t\t\t\t\t\t\t\t\t\tdata-actions='o:click;a:scrollbelow;sp:1000ms;e:power1.inOut;'\n\t\t\t\t\t\t\t\t\t\t\tdata-basealign=\"group\"\n\t\t\t\t\t\t\t\t\t\t\tdata-rsp_o=\"off\"\n\t\t\t\t\t\t\t\t\t\t\tdata-rsp_bd=\"off\"\n\t\t\t\t\t\t\t\t\t\t\tdata-disp=\"inline-block\"\n\t\t\t\t\t\t\t\t\t\t\tdata-padding=\"r:56,50,45,42;l:56,50,45,42;\"\n\t\t\t\t\t\t\t\t\t\t\tdata-frame_0=\"x:30px;\"\n\t\t\t\t\t\t\t\t\t\t\tdata-frame_1=\"st:1040;sp:1000;sR:1040;\"\n\t\t\t\t\t\t\t\t\t\t\tdata-frame_999=\"o:0;st:w;sR:6960;\"\n\t\t\t\t\t\t\t\t\t\t\tdata-frame_hover=\"c:#000;bgc:#ffc300;\"\n\t\t\t\t\t\t\t\t\t\t\tstyle=\"z-index:6;background-color:#000000;font-family:'Outfit';cursor:pointer;display:inline-block;\"\n\t\t\t\t\t\t\t\t\t\t>About Us \n\t\t\t\t\t\t\t\t\t\t<\/rs-layer><!--\n\t\t\t\t\t\t\t\t\t--><\/rs-column><!--\n\t\t\t\t\t\t\t\t--><\/rs-row><!--\n\t\t\t\t\t\t\t--><\/rs-zone><!--\n\t\t\t\t\t\t--><rs-zone id=\"rrzb_10\" class=\"rev_row_zone_bottom\" style=\"z-index: 6;\"><!--\n\n\t\t\t\t\t\t\t\t--><rs-row\n\t\t\t\t\t\t\t\t\tid=\"slider-6-slide-10-layer-1\" \n\t\t\t\t\t\t\t\t\tdata-type=\"row\"\n\t\t\t\t\t\t\t\t\tdata-xy=\"xo:50px;yo:50px;\"\n\t\t\t\t\t\t\t\t\tdata-cbreak=\"nobreak\"\n\t\t\t\t\t\t\t\t\tdata-basealign=\"slide\"\n\t\t\t\t\t\t\t\t\tdata-wrpcls=\"slider-row-wrap\"\n\t\t\t\t\t\t\t\t\tdata-rsp_bd=\"off\"\n\t\t\t\t\t\t\t\t\tdata-margin=\"r:30,0,0,0;b:60,50,40,30;l:70,70,30,20;\"\n\t\t\t\t\t\t\t\t\tdata-frame_0=\"o:1;\"\n\t\t\t\t\t\t\t\t\tdata-frame_999=\"o:0;st:w;sR:8700;sA:9000;\"\n\t\t\t\t\t\t\t\t\tstyle=\"z-index:6;\"\n\t\t\t\t\t\t\t\t><!--\n\t\t\t\t\t\t\t\t\t--><rs-column\n\t\t\t\t\t\t\t\t\t\tid=\"slider-6-slide-10-layer-2\" \n\t\t\t\t\t\t\t\t\t\tdata-type=\"column\"\n\t\t\t\t\t\t\t\t\t\tdata-xy=\"xo:50px;yo:50px;\"\n\t\t\t\t\t\t\t\t\t\tdata-text=\"l:22,25,25,25;\"\n\t\t\t\t\t\t\t\t\t\tdata-rsp_bd=\"off\"\n\t\t\t\t\t\t\t\t\t\tdata-column=\"w:100%;a:bottom;\"\n\t\t\t\t\t\t\t\t\t\tdata-frame_0=\"o:1;\"\n\t\t\t\t\t\t\t\t\t\tdata-frame_999=\"o:0;st:w;sR:8700;sA:9000;\"\n\t\t\t\t\t\t\t\t\t\tstyle=\"z-index:6;width:100%;\"\n\t\t\t\t\t\t\t\t\t><!--\t\t\t\t\t\t\t\t\t--><\/rs-column><!--\n\t\t\t\t\t\t\t\t--><\/rs-row><!--\n\t\t\t\t\t\t\t--><\/rs-zone><!--\n\n\t\t\t\t\t\t\t--><rs-group\n\t\t\t\t\t\t\t\tid=\"slider-6-slide-10-layer-5\" \n\t\t\t\t\t\t\t\tdata-type=\"group\"\n\t\t\t\t\t\t\t\tdata-xy=\"x:r;xo:100px,50px,50px,50px;y:m;yo:17px,-55px,-55px,-55px;\"\n\t\t\t\t\t\t\t\tdata-text=\"w:normal;\"\n\t\t\t\t\t\t\t\tdata-dim=\"w:338px,202px,202px,202px;h:auto,201px,201px,201px;\"\n\t\t\t\t\t\t\t\tdata-vbility=\"t,t,f,f\"\n\t\t\t\t\t\t\t\tdata-rsp_o=\"off\"\n\t\t\t\t\t\t\t\tdata-wrpcls=\"sldr-hide\"\n\t\t\t\t\t\t\t\tdata-rsp_bd=\"off\"\n\t\t\t\t\t\t\t\tdata-frame_0=\"x:0,0px,0px,0px;y:0,0px,0px,0px;o:1;\"\n\t\t\t\t\t\t\t\tdata-frame_1=\"x:0,0px,0px,0px;y:0,0px,0px,0px;\"\n\t\t\t\t\t\t\t\tdata-frame_999=\"o:0;st:w;sR:8700;sA:9000;\"\n\t\t\t\t\t\t\t\tstyle=\"z-index:9;\"\n\t\t\t\t\t\t\t><!--\n\t\t\t\t\t\t\t\t--><rs-layer\n\t\t\t\t\t\t\t\t\tid=\"slider-6-slide-10-layer-34\" \n\t\t\t\t\t\t\t\t\tdata-type=\"text\"\n\t\t\t\t\t\t\t\t\tdata-color=\"#9ba2ad\"\n\t\t\t\t\t\t\t\t\tdata-xy=\"xo:1549px,1286px,1286px,1286px;yo:378px,314px,314px,314px;\"\n\t\t\t\t\t\t\t\t\tdata-pos=\"r\"\n\t\t\t\t\t\t\t\t\tdata-text=\"w:normal;s:18,14,14,14;l:28,20,20,20;\"\n\t\t\t\t\t\t\t\t\tdata-dim=\"w:335px,196px,196px,196px;\"\n\t\t\t\t\t\t\t\t\tdata-vbility=\"t,t,f,f\"\n\t\t\t\t\t\t\t\t\tdata-basealign=\"group\"\n\t\t\t\t\t\t\t\t\tdata-rsp_o=\"off\"\n\t\t\t\t\t\t\t\t\tdata-rsp_bd=\"off\"\n\t\t\t\t\t\t\t\t\tdata-disp=\"inline-block\"\n\t\t\t\t\t\t\t\t\tdata-frame_0=\"x:50,42px,42px,42px;y:0,0px,0px,0px;\"\n\t\t\t\t\t\t\t\t\tdata-frame_1=\"x:0,0px,0px,0px;y:0,0px,0px,0px;st:880;sp:1000;sR:880;\"\n\t\t\t\t\t\t\t\t\tdata-frame_999=\"o:0;st:w;sR:7120;\"\n\t\t\t\t\t\t\t\t\tstyle=\"z-index:6;font-family:'DM Sans';display:inline-block;\"\n\t\t\t\t\t\t\t\t><b>GeoTec Insitu<\/b> is a leading company in geotechnical investigations, testing, and consulting services, specializing in pile integrity and bearing capacity assessment, as well as project documentation development in compliance with current regulations. Our experienced team applies best methods to ensure the safety and quality of every project. \n\t\t\t\t\t\t\t\t<\/rs-layer><!--\n\t\t\t\t\t\t\t--><\/rs-group><!--\n\n\t\t\t\t\t\t\t--><rs-layer\n\t\t\t\t\t\t\t\tid=\"slider-6-slide-10-layer-0\" \n\t\t\t\t\t\t\t\tdata-type=\"image\"\n\t\t\t\t\t\t\t\tdata-rsp_ch=\"on\"\n\t\t\t\t\t\t\t\tdata-xy=\"x:l,l,l,c;xo:-30px,-12px,-6px,60px;y:m;\"\n\t\t\t\t\t\t\t\tdata-text=\"w:normal;s:20,15,8,4;l:0,18,9,6;\"\n\t\t\t\t\t\t\t\tdata-dim=\"w:1368px,1040px,894px,809px;h:924px,702px,604px,546px;\"\n\t\t\t\t\t\t\t\tdata-frame_0=\"x:105%;o:1;skX:-2px;\"\n\t\t\t\t\t\t\t\tdata-frame_0_mask=\"u:t;x:-90%;\"\n\t\t\t\t\t\t\t\tdata-frame_1=\"e:power2.out;st:540;sp:1200;sR:540;\"\n\t\t\t\t\t\t\t\tdata-frame_1_mask=\"u:t;\"\n\t\t\t\t\t\t\t\tdata-frame_999=\"o:0;st:w;sR:7260;\"\n\t\t\t\t\t\t\t\tstyle=\"z-index:5;background-color:rgba(12,12,12,0);\"\n\t\t\t\t\t\t\t><img decoding=\"async\" src=\"\/\/geotec.rs\/wp-content\/plugins\/revslider\/sr6\/assets\/assets\/dummy.png\" alt=\"\" class=\"tp-rs-img rs-lazyload\" width=\"1333\" height=\"900\" data-lazyload=\"\/\/geotec.rs\/wp-content\/uploads\/2024\/11\/geotec-insitu-pile-integrity-20.jpg\" data-no-retina> \n\t\t\t\t\t\t\t<\/rs-layer><!--\n-->\t\t\t\t\t<\/rs-slide>\n\t\t\t\t\t<\/rs-slides>\n\t\t\t\t\t<rs-static-layers><!--\n\t\t\t\t\t--><\/rs-static-layers>\n\t\t\t\t<\/rs-module>\n\t\t\t\t<script>\n\t\t\t\t\tsetREVStartSize({c: 'rev_slider_6_1',rl:[1240,1441,778,481],el:[920,700,600,540],gw:[1920,1440,778,480],gh:[920,700,600,540],type:'standard',justify:'',layout:'fullwidth',mh:\"0\"});if (window.RS_MODULES!==undefined && window.RS_MODULES.modules!==undefined && window.RS_MODULES.modules[\"revslider61\"]!==undefined) {window.RS_MODULES.modules[\"revslider61\"].once = false;window.revapi6 = undefined;if (window.RS_MODULES.checkMinimal!==undefined) window.RS_MODULES.checkMinimal()}\n\t\t\t\t<\/script>\n\t\t\t<\/rs-module-wrap>\n\t\t\t<!-- END REVOLUTION SLIDER -->\n<br \/>\n\t\t\t\t\t\t\t\t\t\t\t\t\t<img decoding=\"async\" src=\"https:\/\/geotec.rs\/wp-content\/uploads\/elementor\/thumbs\/viber_image_2024-11-16_13-07-20-693-qxl0vpyvwmj86lifetwh4mityyxpwueglsxxxehu5g.jpg\" title=\"viber_image_2024-11-16_13-07-20-693\" alt=\"viber_image_2024-11-16_13-07-20-693\" loading=\"lazy\" \/><br \/>\n\t\t\t\t\t\t\t\t\t\t\t\t\t<img decoding=\"async\" src=\"https:\/\/geotec.rs\/wp-content\/uploads\/elementor\/thumbs\/viber_image_2024-11-16_13-04-13-064-qxl0woqwkc7rb95h4ama50dkqmiiozk3txvipnf7lg.jpg\" title=\"viber_image_2024-11-16_13-04-13-064\" alt=\"viber_image_2024-11-16_13-04-13-064\" loading=\"lazy\" \/>\t\t\t\t\t\t\t\t\t\t\t\t\t<\/p>\n<h1\n\t\t\t>About Us<\/h1>\n<p><b>GeoTec Insitu<\/b> doo is a company whose main activities are:<\/br><\/br><\/p>\n<ul>\n<li><b>testing and quality control of various types of piles<\/b> (plain bored, CFA, open-end and closed-end pipe piles, RC prefabricated, etc.)<\/li>\n<li><b>geotechnical design<\/b> according to limit states or allowable stresses depending on the project requirements and country where we work <\/li>\n<\/ul>\n<p>\t\t\t<a href=\"https:\/\/geotec.rs\/en\/o-nama\" >Learn More<\/a><br \/>\n\t\t\tOur Services<\/p>\n<h1\n\t\t\t>Pile testing and quality control<\/h1>\n<p>Test methods that we use are standardized according to international standards.<br \/>Testing is performed with calibrated instruments and equipment and with licensed softwares.<\/p>\n<p>\t<a href=\"https:\/\/geotec.rs\/usluge\/pot\/\" id=\"sc_services_1479863954_icon-move_1\"\n\t\t\t\t><\/a>\t<\/p>\n<h4><a href=\"https:\/\/geotec.rs\/usluge\/pot\/\">PoT (Pull-out-test)<\/a><\/h4>\n<p>Ispitivanje nosivosti \u0161ipova\/stubova solarnih fotonaponskih panela<\/p>\n<p>            <a href=\"https:\/\/geotec.rs\/usluge\/pot\/\"><br \/>\n                Read More<br \/>\n            <\/a><br \/>\n\t<a href=\"https:\/\/geotec.rs\/usluge\/slt\/\" id=\"sc_services_1038595512_icon-free-icon-scaffolding_2\"\n\t\t\t\t><\/a>\t<\/p>\n<h4><a href=\"https:\/\/geotec.rs\/usluge\/slt\/\">SLT (Stati\u010dko probno optere\u0107enje)<\/a><\/h4>\n<p>Odre\u0111ivanje nosivosti \u0161ipova stati\u010dkim inkrementalnim optere\u0107enjem.<\/p>\n<p>            <a href=\"https:\/\/geotec.rs\/usluge\/slt\/\"><br \/>\n                Read More<br \/>\n            <\/a><br \/>\n\t<a href=\"https:\/\/geotec.rs\/usluge\/csl\/\" id=\"sc_services_101346943_trx_addons_icon-flow-cross_3\"\n\t\t\t\t><\/a>\t<\/p>\n<h4><a href=\"https:\/\/geotec.rs\/usluge\/csl\/\">CSL  (Cross-Hole ultrazvu\u010dno ispitivanje)<\/a><\/h4>\n<p>Ispitivanje integriteta \u0161ipova Crosshole metodom.<\/p>\n<p>            <a href=\"https:\/\/geotec.rs\/usluge\/csl\/\"><br \/>\n                Read More<br \/>\n            <\/a><br \/>\n\t<a href=\"https:\/\/geotec.rs\/usluge\/dlt\/\" id=\"sc_services_1488189074_icon-database-light_4\"\n\t\t\t\t><\/a>\t<\/p>\n<h4><a href=\"https:\/\/geotec.rs\/usluge\/dlt\/\">DLT (Dinami\u010dko probno optere\u0107enje)<\/a><\/h4>\n<p>Odre\u0111ivanje nosivosti \u0161ipova dinami\u010dkim optere\u0107enjem.<\/p>\n<p>            <a href=\"https:\/\/geotec.rs\/usluge\/dlt\/\"><br \/>\n                Read More<br \/>\n            <\/a><br \/>\n\t<a href=\"https:\/\/geotec.rs\/usluge\/pit\/\" id=\"sc_services_71810812_trx_addons_icon-chart-area_5\"\n\t\t\t\t><\/a>\t<\/p>\n<h4><a href=\"https:\/\/geotec.rs\/usluge\/pit\/\">PIT\/SIT (Ispitivanje integriteta \u0161ipova SIT metodom)<\/a><\/h4>\n<p>Ispitivanje integriteta \u0161ipova za otkrivanje mogu\u0107ih o\u0161te\u0107enja.<\/p>\n<p>            <a href=\"https:\/\/geotec.rs\/usluge\/pit\/\"><br \/>\n                Read More<br \/>\n            <\/a><br \/>\n\t<a href=\"https:\/\/geotec.rs\/usluge\/pda\/\" id=\"sc_services_1424635292_icon-radio-tower_6\"\n\t\t\t\t><\/a>\t<\/p>\n<h4><a href=\"https:\/\/geotec.rs\/usluge\/pda\/\">PDA (Monitoring pobijanja \u0161ipova)<\/a><\/h4>\n<p>Kontinuirano pra\u0107enje procesa pobijanja \u0161ipova u tlo.<\/p>\n<p>            <a href=\"https:\/\/geotec.rs\/usluge\/pda\/\"><br \/>\n                Read More<br \/>\n            <\/a><br \/>\n\t<a href=\"https:\/\/geotec.rs\/usluge\/wea\/\" id=\"sc_services_1163200036_trx_addons_icon-monitor_7\"\n\t\t\t\t><\/a>\t<\/p>\n<h4><a href=\"https:\/\/geotec.rs\/usluge\/wea\/\">WEA (Analiza talasnih jedna\u010dina)<\/a><\/h4>\n<p>Simulacija procesa pobijanja \u0161ipova u tlo.<\/p>\n<p>            <a href=\"https:\/\/geotec.rs\/usluge\/wea\/\"><br \/>\n                Read More<br \/>\n            <\/a><br \/>\n\t<a href=\"https:\/\/geotec.rs\/usluge\/mpt\/\" id=\"sc_services_178969244_trx_addons_icon-gauge-1_8\"\n\t\t\t\t><\/a>\t<\/p>\n<h4><a href=\"https:\/\/geotec.rs\/usluge\/mpt\/\">MPT (Ispitivanje Menardovim presiometrom)<\/a><\/h4>\n<p>Naponsko-deformacijski opit koji se izvodi u bu\u0161otini<\/p>\n<p>            <a href=\"https:\/\/geotec.rs\/usluge\/mpt\/\"><br \/>\n                Read More<br \/>\n            <\/a><br \/>\n\t\t\tOur Services<\/p>\n<h1\n\t\t\t>Geotechnical design<\/h1>\n<p>Our team of engineers and experts has extensive experience in designing geotechnical structures, planning geotechnical investigations, writing geotechnical reports and studies, performing technical control, and consulting in various areas of geotechnical engineering. When preparing documentation, we adhere to the Law on Planning and Construction and the Law on Mining and Geological Research (in the Republic of Serbia).<\/p>\n<p><a href=\"https:\/\/geotec.rs\/en\/usluge\/geotehnicko-projektovanje\/\">More Details<\/a>\t\t<\/p>\n<p>Our team has tested over <strong>15.000 piles<\/strong>, performed geotechnical studies and designs for more than <strong>100 km of traffic infrastructure<\/strong>, carried out numerous expertises, and published <strong>more than 60 papers<\/strong> in domestic and international journals in the field of geotechnical engineering.<\/p>\n<p>\t\t\t<a href=\"https:\/\/geotec.rs\/en\/kontakt\" >Contact Us<\/a><\/p>\n","protected":false},"excerpt":{"rendered":"<p>About Us GeoTec Insitu doo is a company whose main activities are: testing and quality control of various types of piles (plain bored, CFA, open-end and closed-end pipe piles, RC&hellip;<\/p>\n","protected":false},"author":1,"featured_media":6518,"parent":0,"menu_order":0,"comment_status":"closed","ping_status":"closed","template":"","meta":{"footnotes":""},"class_list":["post-2153","page","type-page","status-publish","has-post-thumbnail","hentry"],"translation":{"provider":"WPGlobus","version":"3.0.0","language":"en","enabled_languages":["sr","en"],"languages":{"sr":{"title":true,"content":true,"excerpt":false},"en":{"title":true,"content":true,"excerpt":false}}},"_links":{"self":[{"href":"https:\/\/geotec.rs\/en\/wp-json\/wp\/v2\/pages\/2153","targetHints":{"allow":["GET"]}}],"collection":[{"href":"https:\/\/geotec.rs\/en\/wp-json\/wp\/v2\/pages"}],"about":[{"href":"https:\/\/geotec.rs\/en\/wp-json\/wp\/v2\/types\/page"}],"author":[{"embeddable":true,"href":"https:\/\/geotec.rs\/en\/wp-json\/wp\/v2\/users\/1"}],"replies":[{"embeddable":true,"href":"https:\/\/geotec.rs\/en\/wp-json\/wp\/v2\/comments?post=2153"}],"version-history":[{"count":163,"href":"https:\/\/geotec.rs\/en\/wp-json\/wp\/v2\/pages\/2153\/revisions"}],"predecessor-version":[{"id":7338,"href":"https:\/\/geotec.rs\/en\/wp-json\/wp\/v2\/pages\/2153\/revisions\/7338"}],"wp:featuredmedia":[{"embeddable":true,"href":"https:\/\/geotec.rs\/en\/wp-json\/wp\/v2\/media\/6518"}],"wp:attachment":[{"href":"https:\/\/geotec.rs\/en\/wp-json\/wp\/v2\/media?parent=2153"}],"curies":[{"name":"wp","href":"https:\/\/api.w.org\/{rel}","templated":true}]}}