{"id":713,"date":"2022-09-08T10:38:38","date_gmt":"2022-09-08T10:38:38","guid":{"rendered":"https:\/\/geotec.rs\/?page_id=713"},"modified":"2024-12-16T12:49:41","modified_gmt":"2024-12-16T12:49:41","slug":"kontakt","status":"publish","type":"page","link":"https:\/\/geotec.rs\/en\/kontakt\/","title":{"rendered":"Contact"},"content":{"rendered":"<p><iframe\n\t\t\t\t\t\tsrc=\"https:\/\/maps.google.com\/maps?t=m&#038;output=embed&#038;iwloc=near&#038;z=12&#038;q=Svetozara+Papi%C4%87a+29\"\n\t\t\t\t\t\taria-label=\"\"><\/iframe><\/p>\n<style type=\"text\/css\">.trx_addons_inline_852542440{width:100%;height:590px;}<\/style>\n<h4\n\t\t\t>Office<\/h4>\n<p>\t\t\tSvetozara Papi\u0107a 29, Beograd, Zemun (Galenika)<!-- \/.sc_icons -->\t\t<\/p>\n<h4\n\t\t\t>Warehouse<\/h4>\n<p>\t\t\tVoje Bogdanovi\u0107a BB, Veliko Gradi\u0161te<!-- \/.sc_icons -->\t\t<\/p>\n<h4\n\t\t\t>Contact<\/h4>\n<p>\t\t\tcontact@geotec.rs<a href=\"mailto:contact@geotec.rs\"\n                       ><br \/>\n                        <\/a>office@geotec.rs<a href=\"mailto:office@geotec.rs\"\n                       ><br \/>\n                        <\/a>+381 66 10 68 05<a href=\"tel:+38166106805\"\n                       ><br \/>\n                        <\/a><!-- \/.sc_icons --><br \/>\n\t\t\t<a target=\"_blank\" href=\"https:\/\/www.instagram.com\/geotec_insitu\/\"><\/a><a target=\"_blank\" href=\"https:\/\/www.linkedin.com\/in\/geotec-insitu-doo-b97939340\/\"><\/a>\t\t<\/p>\n<h4\n\t\t\t>Send a Message<\/h4>\n<p role=\"status\" aria-live=\"polite\" aria-atomic=\"true\">\n<ul><\/ul>\n<form action=\"\/wp-admin\/admin-ajax.php#wpcf7-f7046-o1\" method=\"post\" aria-label=\"Contact form\" novalidate=\"novalidate\" data-status=\"init\">\n<input type=\"hidden\" name=\"_wpcf7\" value=\"7046\" \/><br \/>\n<input type=\"hidden\" name=\"_wpcf7_version\" value=\"6.0.1\" \/><br \/>\n<input type=\"hidden\" name=\"_wpcf7_locale\" value=\"sr_RS\" \/><br \/>\n<input type=\"hidden\" name=\"_wpcf7_unit_tag\" value=\"wpcf7-f7046-o1\" \/><br \/>\n<input type=\"hidden\" name=\"_wpcf7_container_post\" value=\"0\" \/><br \/>\n<input type=\"hidden\" name=\"_wpcf7_posted_data_hash\" value=\"\" \/><\/p>\n<p><input size=\"40\" maxlength=\"400\" aria-required=\"true\" aria-invalid=\"false\" placeholder=\"Your Name\" value=\"\" type=\"text\" name=\"your-name\" \/>\n\t\t\t<\/p>\n<p><input size=\"40\" maxlength=\"400\" aria-required=\"true\" aria-invalid=\"false\" placeholder=\"Email Address\" value=\"\" type=\"email\" name=\"your-email\" \/>\n\t\t\t<\/p>\n<p><input size=\"40\" maxlength=\"400\" aria-required=\"true\" aria-invalid=\"false\" placeholder=\"Phone\" value=\"\" type=\"tel\" name=\"phone\" \/>\n\t\t\t<\/p>\n<p><input size=\"40\" maxlength=\"400\" aria-required=\"true\" aria-invalid=\"false\" placeholder=\"Subject\" value=\"\" type=\"text\" name=\"subject\" \/>\n\t\t\t<\/p>\n<p><textarea cols=\"40\" rows=\"10\" maxlength=\"2000\" aria-required=\"true\" aria-invalid=\"false\" placeholder=\"How Can We Help You?\" name=\"your-message\"><\/textarea>\n\t\t\t<\/p>\n<p><input type=\"submit\" value=\"Send\" \/>\n\t<\/p>\n<\/form>\n","protected":false},"excerpt":{"rendered":"<p>Office Svetozara Papi\u0107a 29, Beograd, Zemun (Galenika) Warehouse Voje Bogdanovi\u0107a BB, Veliko Gradi\u0161te Contact contact@geotec.rs office@geotec.rs +381 66 10 68 05 Send a Message<\/p>\n","protected":false},"author":1,"featured_media":0,"parent":0,"menu_order":0,"comment_status":"closed","ping_status":"closed","template":"","meta":{"footnotes":""},"class_list":["post-713","page","type-page","status-publish","hentry"],"translation":{"provider":"WPGlobus","version":"3.0.0","language":"en","enabled_languages":["sr","en"],"languages":{"sr":{"title":true,"content":true,"excerpt":false},"en":{"title":true,"content":true,"excerpt":false}}},"_links":{"self":[{"href":"https:\/\/geotec.rs\/en\/wp-json\/wp\/v2\/pages\/713","targetHints":{"allow":["GET"]}}],"collection":[{"href":"https:\/\/geotec.rs\/en\/wp-json\/wp\/v2\/pages"}],"about":[{"href":"https:\/\/geotec.rs\/en\/wp-json\/wp\/v2\/types\/page"}],"author":[{"embeddable":true,"href":"https:\/\/geotec.rs\/en\/wp-json\/wp\/v2\/users\/1"}],"replies":[{"embeddable":true,"href":"https:\/\/geotec.rs\/en\/wp-json\/wp\/v2\/comments?post=713"}],"version-history":[{"count":45,"href":"https:\/\/geotec.rs\/en\/wp-json\/wp\/v2\/pages\/713\/revisions"}],"predecessor-version":[{"id":7182,"href":"https:\/\/geotec.rs\/en\/wp-json\/wp\/v2\/pages\/713\/revisions\/7182"}],"wp:attachment":[{"href":"https:\/\/geotec.rs\/en\/wp-json\/wp\/v2\/media?parent=713"}],"curies":[{"name":"wp","href":"https:\/\/api.w.org\/{rel}","templated":true}]}}